{"id":418,"date":"2017-01-11T17:36:25","date_gmt":"2017-01-11T16:36:25","guid":{"rendered":"https:\/\/bcmelettrosrl.com\/?page_id=418"},"modified":"2017-01-12T10:10:17","modified_gmt":"2017-01-12T09:10:17","slug":"lavora-con-noi","status":"publish","type":"page","link":"https:\/\/bcmelettrosrl.com\/en\/lavora-con-noi\/","title":{"rendered":"Work with us"},"content":{"rendered":"<div class=\"vc_row ewf-row\"><div class=\"wpb_column vc_column_container vc_col-sm-12\"><div class=\"vc_column-inner\"><div class=\"wpb_wrapper\">\n\t<div class=\"wpb_text_column wpb_content_element\" >\n\t\t<div class=\"wpb_wrapper\">\n\t\t\t<p><img src=\"https:\/\/bcmelettrosrl.com\/wp-content\/uploads\/2017\/01\/handshake.jpg\" alt=\"Lavora con noi\" width=\"100%\" \/><\/p>\n\n\t\t<\/div>\n\t<\/div>\n<\/div><\/div><\/div><\/div><div class=\"vc_row ewf-row\"><div class=\"wpb_column vc_column_container vc_col-sm-12\"><div class=\"vc_column-inner\"><div class=\"wpb_wrapper\"><div role=\"form\" class=\"wpcf7\" id=\"wpcf7-f415-o1\" lang=\"it-IT\" dir=\"ltr\">\n<div class=\"screen-reader-response\"><p role=\"status\" aria-live=\"polite\" aria-atomic=\"true\"><\/p> <ul><\/ul><\/div>\n<form action=\"\/en\/wp-json\/wp\/v2\/pages\/418#wpcf7-f415-o1\" method=\"post\" class=\"wpcf7-form init\" enctype=\"multipart\/form-data\" novalidate=\"novalidate\" data-status=\"init\" data-trp-original-action=\"\/en\/wp-json\/wp\/v2\/pages\/418#wpcf7-f415-o1\">\n<div style=\"display: none;\">\n<input type=\"hidden\" name=\"_wpcf7\" value=\"415\" \/>\n<input type=\"hidden\" name=\"_wpcf7_version\" value=\"5.5.6.1\" \/>\n<input type=\"hidden\" name=\"_wpcf7_locale\" value=\"it_IT\" \/>\n<input type=\"hidden\" name=\"_wpcf7_unit_tag\" value=\"wpcf7-f415-o1\" \/>\n<input type=\"hidden\" name=\"_wpcf7_container_post\" value=\"0\" \/>\n<input type=\"hidden\" name=\"_wpcf7_posted_data_hash\" value=\"\" \/>\n<\/div>\n<div class=\"form_cv row\">\n<div class=\"vc_col-sm-12\" style=\"padding-left: 15px; padding-right: 15px;margin-bottom:20px;\">\n<h4>Work with us<\/h4>\n<p style=\"text-align: justify;\">If you are interested in working with us, please enter your personal data here. Your application will be registered in our database and can be considered for any future selections consistent with your training and professional profile. To send the CV it is necessary to give your consent to the processing of data.<\/p>\n<\/div>\n<div class=\"vc_col-sm-4\"><span class=\"wpcf7-form-control-wrap ragione_sociale\"><input type=\"text\" name=\"ragione_sociale\" value=\"\" size=\"40\" class=\"wpcf7-form-control wpcf7-text wpcf7-validates-as-required\" aria-required=\"true\" aria-invalid=\"false\" placeholder=\"Name and Surname*\" \/><\/span><\/div>\n<div class=\"vc_col-sm-4\"><span class=\"wpcf7-form-control-wrap email\"><input type=\"email\" name=\"email\" value=\"\" size=\"40\" class=\"wpcf7-form-control wpcf7-text wpcf7-email wpcf7-validates-as-required wpcf7-validates-as-email\" aria-required=\"true\" aria-invalid=\"false\" placeholder=\"e-mail*\" \/><\/span><\/div>\n<div class=\"vc_col-sm-4\"><span class=\"wpcf7-form-control-wrap telefono\"><input type=\"text\" name=\"telefono\" value=\"\" size=\"40\" class=\"wpcf7-form-control wpcf7-text wpcf7-validates-as-required\" aria-required=\"true\" aria-invalid=\"false\" placeholder=\"Phone\" \/><\/span><\/div>\n<div class=\"vc_col-sm-12\" style=\"padding-left: 15px; padding-right: 15px;\"><span class=\"wpcf7-form-control-wrap messaggio\"><textarea name=\"messaggio\" cols=\"40\" rows=\"10\" class=\"wpcf7-form-control wpcf7-textarea\" aria-invalid=\"false\" placeholder=\"Note\"><\/textarea><\/span><\/div>\n<div class=\"vc_col-sm-11\">Upload your CV <span class=\"wpcf7-form-control-wrap cv\"><input type=\"file\" name=\"cv\" size=\"40\" class=\"wpcf7-form-control wpcf7-file\" accept=\".jpg,.jpeg,.png,.gif,.pdf,.doc,.docx,.ppt,.pptx,.odt,.avi,.ogg,.m4a,.mov,.mp3,.mp4,.mpg,.wav,.wmv\" aria-invalid=\"false\" \/><\/span><span class=\"wpcf7-form-control-wrap consenso\"><\/p>\n<p class=\" translation-block\"><span class=\"wpcf7-form-control-wrap consenso\"><span class=\"wpcf7-form-control wpcf7-acceptance\"><span class=\"wpcf7-list-item\"><label><span class=\"wpcf7-list-item-label\">I have read and accepted the<a target=\"_self\" href=\"https:\/\/bcmelettrosrl.com\/en\/informativa-privacy\/\"> information on Privacy<\/a> and related <a href=\"https:\/\/www.iubenda.com\/privacy-policy\/67932379\" class=\"iubenda-nostyle no-brand iubenda-noiframe iubenda-embed iubenda-noiframe \" title=\"Privacy Policy \">Privacy Policy<\/a>.<\/span><\/label><\/span><\/span><\/span><\/p>\n<table class=\"sedecontatti_table\">\n<tr>\n<tr>\n<th class=\"th_invio\"><br><input type=\"submit\" value=\"Send\" class=\"wpcf7-form-control has-spinner wpcf7-submit\" \/><\/th>\n<\/tr>\n<\/table>\n<\/div>\n<\/div>\n<input type='hidden' class='wpcf7-pum' value='{\"closepopup\":false,\"closedelay\":0,\"openpopup\":false,\"openpopup_id\":0}' \/><div class=\"wpcf7-response-output\" aria-hidden=\"true\"><\/div><input type=\"hidden\" name=\"trp-form-language\" value=\"en\"\/><\/form><\/div><\/div><\/div><\/div><\/div>","protected":false},"excerpt":{"rendered":"Lavora con noi Se \u00e8 interessato a lavorare con noi, inserisca qui i Suoi dati personali. La Sua candidatura sar\u00e0 registrata nel nostro database e potr\u00e0 essere presa in esame per eventuali future selezioni coerenti con il suo profilo formativo e professionale. Per l\u2019invio del CV \u00e8 necessario dare il proprio consenso al trattamento dei [...]","protected":false},"author":1,"featured_media":0,"parent":0,"menu_order":0,"comment_status":"closed","ping_status":"closed","template":"","meta":[],"yoast_head":"<!-- This site is optimized with the Yoast SEO plugin v19.2 - https:\/\/yoast.com\/wordpress\/plugins\/seo\/ -->\n<title>Lavora con noi - BCM Elettro S.r.l.<\/title>\n<meta name=\"robots\" content=\"index, follow, max-snippet:-1, max-image-preview:large, max-video-preview:-1\" \/>\n<link rel=\"canonical\" href=\"https:\/\/bcmelettrosrl.com\/en\/lavora-con-noi\/\" \/>\n<meta property=\"og:locale\" content=\"en_GB\" \/>\n<meta property=\"og:type\" content=\"article\" \/>\n<meta property=\"og:title\" content=\"Lavora con noi - BCM Elettro S.r.l.\" \/>\n<meta property=\"og:url\" content=\"https:\/\/bcmelettrosrl.com\/en\/lavora-con-noi\/\" \/>\n<meta property=\"og:site_name\" content=\"BCM Elettro S.r.l.\" \/>\n<meta property=\"article:modified_time\" content=\"2017-01-12T09:10:17+00:00\" \/>\n<meta property=\"og:image\" content=\"https:\/\/bcmelettrosrl.com\/wp-content\/uploads\/2017\/01\/handshake.jpg\" \/>\n<meta name=\"author\" content=\"jonathan\" \/>\n<meta name=\"twitter:card\" content=\"summary\" \/>\n<meta name=\"twitter:label1\" content=\"Estimated reading time\" \/>\n\t<meta name=\"twitter:data1\" content=\"1 minute\" \/>\n<script type=\"application\/ld+json\" class=\"yoast-schema-graph\">{\"@context\":\"https:\/\/schema.org\",\"@graph\":[{\"@type\":\"WebSite\",\"@id\":\"https:\/\/bcmelettrosrl.com\/#website\",\"url\":\"https:\/\/bcmelettrosrl.com\/\",\"name\":\"BCM Elettro S.r.l.\",\"description\":\"Vendita e Riparazione di Macchine Rotanti\",\"potentialAction\":[{\"@type\":\"SearchAction\",\"target\":{\"@type\":\"EntryPoint\",\"urlTemplate\":\"https:\/\/bcmelettrosrl.com\/?s={search_term_string}\"},\"query-input\":\"required name=search_term_string\"}],\"inLanguage\":\"en-GB\"},{\"@type\":\"ImageObject\",\"inLanguage\":\"en-GB\",\"@id\":\"https:\/\/bcmelettrosrl.com\/lavora-con-noi\/#primaryimage\",\"url\":\"https:\/\/bcmelettrosrl.com\/wp-content\/uploads\/2017\/01\/handshake.jpg\",\"contentUrl\":\"https:\/\/bcmelettrosrl.com\/wp-content\/uploads\/2017\/01\/handshake.jpg\",\"width\":2000,\"height\":796,\"caption\":\"Shake hands\"},{\"@type\":\"WebPage\",\"@id\":\"https:\/\/bcmelettrosrl.com\/lavora-con-noi\/#webpage\",\"url\":\"https:\/\/bcmelettrosrl.com\/lavora-con-noi\/\",\"name\":\"Lavora con noi - BCM Elettro S.r.l.\",\"isPartOf\":{\"@id\":\"https:\/\/bcmelettrosrl.com\/#website\"},\"primaryImageOfPage\":{\"@id\":\"https:\/\/bcmelettrosrl.com\/lavora-con-noi\/#primaryimage\"},\"datePublished\":\"2017-01-11T16:36:25+00:00\",\"dateModified\":\"2017-01-12T09:10:17+00:00\",\"breadcrumb\":{\"@id\":\"https:\/\/bcmelettrosrl.com\/lavora-con-noi\/#breadcrumb\"},\"inLanguage\":\"en-GB\",\"potentialAction\":[{\"@type\":\"ReadAction\",\"target\":[\"https:\/\/bcmelettrosrl.com\/lavora-con-noi\/\"]}]},{\"@type\":\"BreadcrumbList\",\"@id\":\"https:\/\/bcmelettrosrl.com\/lavora-con-noi\/#breadcrumb\",\"itemListElement\":[{\"@type\":\"ListItem\",\"position\":1,\"name\":\"Home\",\"item\":\"https:\/\/bcmelettrosrl.com\/\"},{\"@type\":\"ListItem\",\"position\":2,\"name\":\"Lavora con noi\"}]}]}<\/script>\n<!-- \/ Yoast SEO plugin. -->","yoast_head_json":{"title":"Lavora con noi - BCM Elettro S.r.l.","robots":{"index":"index","follow":"follow","max-snippet":"max-snippet:-1","max-image-preview":"max-image-preview:large","max-video-preview":"max-video-preview:-1"},"canonical":"https:\/\/bcmelettrosrl.com\/en\/lavora-con-noi\/","og_locale":"en_GB","og_type":"article","og_title":"Lavora con noi - BCM Elettro S.r.l.","og_url":"https:\/\/bcmelettrosrl.com\/en\/lavora-con-noi\/","og_site_name":"BCM Elettro S.r.l.","article_modified_time":"2017-01-12T09:10:17+00:00","og_image":[{"url":"https:\/\/bcmelettrosrl.com\/wp-content\/uploads\/2017\/01\/handshake.jpg"}],"author":"jonathan","twitter_card":"summary","twitter_misc":{"Estimated reading time":"1 minute"},"schema":{"@context":"https:\/\/schema.org","@graph":[{"@type":"WebSite","@id":"https:\/\/bcmelettrosrl.com\/#website","url":"https:\/\/bcmelettrosrl.com\/","name":"BCM Elettro S.r.l.","description":"Vendita e Riparazione di Macchine Rotanti","potentialAction":[{"@type":"SearchAction","target":{"@type":"EntryPoint","urlTemplate":"https:\/\/bcmelettrosrl.com\/?s={search_term_string}"},"query-input":"required name=search_term_string"}],"inLanguage":"en-GB"},{"@type":"ImageObject","inLanguage":"en-GB","@id":"https:\/\/bcmelettrosrl.com\/lavora-con-noi\/#primaryimage","url":"https:\/\/bcmelettrosrl.com\/wp-content\/uploads\/2017\/01\/handshake.jpg","contentUrl":"https:\/\/bcmelettrosrl.com\/wp-content\/uploads\/2017\/01\/handshake.jpg","width":2000,"height":796,"caption":"Shake hands"},{"@type":"WebPage","@id":"https:\/\/bcmelettrosrl.com\/lavora-con-noi\/#webpage","url":"https:\/\/bcmelettrosrl.com\/lavora-con-noi\/","name":"Lavora con noi - BCM Elettro S.r.l.","isPartOf":{"@id":"https:\/\/bcmelettrosrl.com\/#website"},"primaryImageOfPage":{"@id":"https:\/\/bcmelettrosrl.com\/lavora-con-noi\/#primaryimage"},"datePublished":"2017-01-11T16:36:25+00:00","dateModified":"2017-01-12T09:10:17+00:00","breadcrumb":{"@id":"https:\/\/bcmelettrosrl.com\/lavora-con-noi\/#breadcrumb"},"inLanguage":"en-GB","potentialAction":[{"@type":"ReadAction","target":["https:\/\/bcmelettrosrl.com\/lavora-con-noi\/"]}]},{"@type":"BreadcrumbList","@id":"https:\/\/bcmelettrosrl.com\/lavora-con-noi\/#breadcrumb","itemListElement":[{"@type":"ListItem","position":1,"name":"Home","item":"https:\/\/bcmelettrosrl.com\/"},{"@type":"ListItem","position":2,"name":"Lavora con noi"}]}]}},"_links":{"self":[{"href":"https:\/\/bcmelettrosrl.com\/en\/wp-json\/wp\/v2\/pages\/418"}],"collection":[{"href":"https:\/\/bcmelettrosrl.com\/en\/wp-json\/wp\/v2\/pages"}],"about":[{"href":"https:\/\/bcmelettrosrl.com\/en\/wp-json\/wp\/v2\/types\/page"}],"author":[{"embeddable":true,"href":"https:\/\/bcmelettrosrl.com\/en\/wp-json\/wp\/v2\/users\/1"}],"replies":[{"embeddable":true,"href":"https:\/\/bcmelettrosrl.com\/en\/wp-json\/wp\/v2\/comments?post=418"}],"version-history":[{"count":7,"href":"https:\/\/bcmelettrosrl.com\/en\/wp-json\/wp\/v2\/pages\/418\/revisions"}],"predecessor-version":[{"id":428,"href":"https:\/\/bcmelettrosrl.com\/en\/wp-json\/wp\/v2\/pages\/418\/revisions\/428"}],"wp:attachment":[{"href":"https:\/\/bcmelettrosrl.com\/en\/wp-json\/wp\/v2\/media?parent=418"}],"curies":[{"name":"wp","href":"https:\/\/api.w.org\/{rel}","templated":true}]}}